{"id":498,"date":"2021-07-29T19:32:37","date_gmt":"2021-07-29T17:32:37","guid":{"rendered":"https:\/\/biotimarrons.org\/index.php\/mesmerize\/"},"modified":"2025-05-30T17:00:33","modified_gmt":"2025-05-30T15:00:33","slug":"mesmerize","status":"publish","type":"page","link":"https:\/\/biotimarrons.org\/","title":{"rendered":"Front Page"},"content":{"rendered":"\t\t<div data-elementor-type=\"wp-page\" data-elementor-id=\"498\" class=\"elementor elementor-498\">\n\t\t\t\t\t\t<section class=\"elementor-section elementor-top-section elementor-element elementor-element-6b06b89e elementor-section-boxed elementor-section-height-default elementor-section-height-default\" data-id=\"6b06b89e\" data-element_type=\"section\" data-e-type=\"section\">\n\t\t\t\t\t\t<div class=\"elementor-container elementor-column-gap-default\">\n\t\t\t\t\t<div class=\"elementor-column elementor-col-100 elementor-top-column elementor-element elementor-element-6ea61bf6\" data-id=\"6ea61bf6\" data-element_type=\"column\" data-e-type=\"column\">\n\t\t\t<div class=\"elementor-widget-wrap elementor-element-populated\">\n\t\t\t\t\t\t<div class=\"elementor-element elementor-element-9889ed0 elementor-widget elementor-widget-html\" data-id=\"9889ed0\" data-element_type=\"widget\" data-e-type=\"widget\" data-widget_type=\"html.default\">\n\t\t\t\t<div class=\"elementor-widget-container\">\n\t\t\t\t\t<style>\n    #video-tcc {\n        display:none;\n    }\n<\/style>\t\t\t\t<\/div>\n\t\t\t\t<\/div>\n\t\t\t\t<div class=\"elementor-element elementor-element-5101202 elementor-widget__width-initial elementor-widget elementor-widget-video\" data-id=\"5101202\" data-element_type=\"widget\" data-e-type=\"widget\" id=\"video-tcc\" data-settings=\"{&quot;video_type&quot;:&quot;hosted&quot;,&quot;controls&quot;:&quot;yes&quot;}\" data-widget_type=\"video.default\">\n\t\t\t\t<div class=\"elementor-widget-container\">\n\t\t\t\t\t\t\t<div class=\"e-hosted-video elementor-wrapper elementor-open-inline\">\n\t\t\t\t\t<video class=\"elementor-video\" src=\"https:\/\/biotimarrons.org\/wp-content\/uploads\/2023\/03\/RDVBIODETARGONMARS2023.mp4\" controls=\"\" preload=\"metadata\" controlsList=\"nodownload\"><\/video>\n\t\t\t\t<\/div>\n\t\t\t\t\t\t<\/div>\n\t\t\t\t<\/div>\n\t\t\t\t<div class=\"elementor-element elementor-element-50640206 elementor-widget elementor-widget-text-editor\" data-id=\"50640206\" data-element_type=\"widget\" data-e-type=\"widget\" data-widget_type=\"text-editor.default\">\n\t\t\t\t<div class=\"elementor-widget-container\">\n\t\t\t\t\t\t\t\t\t<div id=\"overlappable-4\" style=\"background-color: rgb(245, 250, 253); background-image: none;\" data-label=\"Overlappable\" data-id=\"overlappable-4\" data-export-id=\"overlappable-4\" data-category=\"overlappable\" class=\"overlappable-4 content-section content-section-spacing\" data-overlap=\"true\">\n<div class=\"gridContainer\">\n<div data-type=\"row\" class=\"row spaced-cols text-center\">\n<div class=\"col-xs-12 col-sm-4 col-padding\">\n<p> <a data-cp-link=\"1\" href=\"https:\/\/biotimarrons.org\/index.php\/les-rendez-vous-bio\" target=\"_self\" rel=\"noopener\"><i class=\"fa icon shadow-large-black aligncenter color1 fa-shopping-bag reverse round large\"><\/i><\/a> <\/p>\n<div data-type=\"column\" class=\"\">\n<h5 class=\"\">LES RENDEZ-VOUS BIO DE TARGON<\/h5>\n<p class=\"\">Un march\u00e9 enti\u00e8rement bio, avec des producteurs locaux, mais aussi des artisans, des traiteurs, des stands associatifs\u2026 de la musique vivante, une buvette et de la restauration sur place<\/p>\n<\/div>\n<\/div>\n<div class=\"col-xs-12 col-sm-4 col-padding\">\n<p> <a data-cp-link=\"1\" href=\"https:\/\/biotimarrons.org\/index.php\/gasp-vous-avez-dit-gasp\" target=\"_self\" rel=\"noopener\"><i class=\"fa icon shadow-large-black aligncenter color1 fa-shopping-basket reverse round large\"><\/i><\/a> <\/p>\n<div data-type=\"column\" class=\"\">\n<h5 class=\"\">LE GASP ET L\u2019<span class=\"ILfuVd\" lang=\"fr\"><span class=\"hgKElc\">\u00c9<\/span><\/span>PICERIE<\/h5>\n<p class=\"\">Un Groupement d\u2019Achats Solidaires Participatif et une \u00e9picerie participative proposant des produits bio, le plus souvent locaux\u2026<\/p>\n<\/div>\n<\/div>\n<div class=\"col-xs-12 col-sm-4 col-padding\">\n<p> <a data-cp-link=\"1\" href=\"https:\/\/biotimarrons.org\/index.php\/place-publique\" target=\"_self\" rel=\"noopener\"><i class=\"fa icon shadow-large-black aligncenter color1 fa-cogs reverse round large\"><\/i><\/a> <\/p>\n<div data-type=\"column\" class=\"\">\n<h5 class=\"\">PLACE PUBLIQUE<\/h5>\n<p class=\"\">Des \u00e9v\u00e9nements qui se veulent vecteurs d\u2019\u00e9ducation populaire, des conf\u00e9rences, projections, d\u00e9bats contradictoires, tables rondes, sur des th\u00e8mes de soci\u00e9t\u00e9 proches des pr\u00e9occupations de l\u2019association : autonomie alimentaire ou \u00e9nerg\u00e9tique, citoyennet\u00e9, transition \u00e9cologique\u2026<\/p>\n<\/div>\n<\/div>\n<\/div>\n<\/div>\n<\/div>\n<div id=\"features-3\" style=\"background-color: #ffffff;\" data-label=\"Features\" data-id=\"features-12-card-bordered\" data-export-id=\"features-12-card-bordered\" data-category=\"features\" class=\"features-12-card-bordered content-section content-section-spacing \">\n<div class=\"gridContainer\">\n<div class=\"row text-center\">\n<div class=\"section-title-col\" data-type=\"column\">\n<h2 class=\"\">Bienvenu.e sur le site de l\u2019association \u00ab&nbsp;BIOTIMARRONS !&nbsp;\u00bb<\/h2>\n<p class=\"lead\">Cr\u00e9\u00e9e en 2016, l\u2019association a pour objets&nbsp; :<\/p>\n<\/div>\n<\/div>\n<div class=\"row spaced-cols\" data-type=\"row\">\n<div class=\"col-sm-6\">\n<div class=\"card row-card bordered y-move\">\n<div class=\"row\">\n<div class=\"col-sm-fit icon-column\"> <i class=\"fa icon color2 fa-refresh bordered round\"><\/i> <\/div>\n<div class=\"col-sm\" data-type=\"column\">\n<h5 class=\"color2\">R<span class=\"ILfuVd\" lang=\"fr\"><span class=\"hgKElc\">\u00c9<\/span><\/span>SILIENCE ALIMENTAIRE DU TERRITOIRE<\/h5>\n<p class=\"\">Participation \u00e0 l\u2019accroissement de la r\u00e9silience alimentaire et \u00e0 la promotion de la production, de la transformation et de la commercialisation de produits issus de l\u2019agriculture biologique et locale,<\/p>\n<\/div>\n<\/div>\n<\/div>\n<\/div>\n<div class=\"col-sm-6\">\n<div class=\"card row-card bordered y-move\">\n<div class=\"row\">\n<div class=\"col-sm-fit icon-column\"> <i class=\"fa icon color2 fa-bolt bordered round\"><\/i> <\/div>\n<div class=\"col-sm\" data-type=\"column\">\n<h5 class=\"color2\">AUTONOMIE ENERGETIQUE<\/h5>\n<p class=\"\">Participation \u00e0 l\u2019autonomie \u00e9nerg\u00e9tique du territoire par la sensibilisation et l\u2019aide au d\u00e9veloppement de projets producteurs d\u2019\u00e9nergies renouvelables qui favorisent une \u00e9conomie non extractive (retomb\u00e9es financi\u00e8res locales)<\/p>\n<\/div>\n<\/div>\n<\/div>\n<\/div>\n<div class=\"col-sm-6\">\n<div class=\"card row-card bordered y-move\">\n<div class=\"row\">\n<div class=\"col-sm-fit icon-column\"> <i class=\"fa icon color2 fa-money bordered round\"><\/i> <\/div>\n<div class=\"col-sm\" data-type=\"column\">\n<h5 class=\"color2\"><span class=\"ILfuVd\" lang=\"fr\"><span class=\"hgKElc\">\u00c9<\/span><\/span>CONOMIE LOCALE<\/h5>\n<p class=\"\">Participation \u00e0 la relocalisation de l\u2019\u00e9conomie par l\u2019\u00e9conomie sociale et solidaire,<\/p>\n<\/div>\n<\/div>\n<\/div>\n<\/div>\n<div class=\"col-sm-6\">\n<div class=\"card row-card bordered y-move\">\n<div class=\"row\">\n<div class=\"col-sm-fit icon-column\"> <i class=\"fa icon color2 fa-comments bordered round\"><\/i> <\/div>\n<div class=\"col-sm\" data-type=\"column\">\n<h5 class=\"color2\">DIALOGUE PUBLIC<\/h5>\n<p class=\"\">Participation \u00e0 la r\u00e9appropriation de l\u2019espace et du dialogue public.<\/p>\n<\/div>\n<\/div>\n<\/div>\n<\/div>\n<\/div>\n<\/div>\n<\/div>\n<div id=\"about-1\" style=\"background-color: #f5fafd;\" data-label=\"About\" data-id=\"about-1\" data-export-id=\"about-1\" data-category=\"about\" class=\"about-1 content-section\">\n<div class=\"gridContainer\">\n<div class=\"row text-center\">\n<div class=\"section-title-col\" data-type=\"column\">   <\/div>\n<\/div>\n<div class=\"row\">\n<div class=\"button-holder space-bottom space-bottom-small\" data-type=\"column\">\n<p class=\"lead\"><a href=\"https:\/\/biotimarrons.org\/wp-content\/uploads\/2024\/06\/plaquette-A4-biotimarrons-2024.pdf\" target=\"_blank\">T\u00e9l\u00e9chargez notre plaquette de pr\u00e9sentation<\/a><\/p>\n<p><a href=\"https:\/\/biotimarrons.org\/wp-content\/uploads\/2021\/08\/crop\" target=\"_blank\"><br><\/a><\/p>\n<\/div>\n<div class=\"col-xs bottom-xs flexbox image-group-bottom-3-img space-bottom-xs center-xs\"> <img decoding=\"async\" class=\"left-img shadow-large-black\" data-size=\"500x300\" src=\"https:\/\/biotimarrons.org\/wp-content\/uploads\/2021\/07\/cropped-IMG_20210729_174143-scaled-1.jpg\" title=\"cropped-IMG_20210729_174143-scaled-1.jpg\" alt=\"\"> <img decoding=\"async\" class=\"center-img shadow-large-black\" data-size=\"500x300\" src=\"https:\/\/biotimarrons.org\/wp-content\/uploads\/2020\/10\/cropped-IMG_0861-scaled-2.jpg\" title=\"cropped-IMG_0861-scaled-2.jpg\" alt=\"\"> <a data-cp-link=\"1\" href=\"#\" class=\"right-img-anchor\"><img decoding=\"async\" class=\"right-img shadow-large-black\" data-size=\"500x300\" src=\"https:\/\/biotimarrons.org\/wp-content\/uploads\/2021\/06\/cropped-IMG_0538-scaled-1.jpg\" title=\"cropped-IMG_0538-scaled-1.jpg\" alt=\"\"><\/a><\/div>\n<\/div>\n<\/div>\n<\/div>\n<div id=\"portfolio-3\" style=\"background-color: #f5fafd;\" data-label=\"Portfolio\" data-id=\"portfolio-4\" data-export-id=\"portfolio-4\" data-category=\"portfolio\" class=\"portfolio-4 content-section content-section-spacing-top\">\n<div class=\"\">\n<div class=\"row text-center\">\n<div class=\"section-title-col\" data-type=\"column\">\n<p class=\"lead\">\n<\/p><\/div>\n<\/div>\n<div data-type=\"row\" class=\"row\" data-fixed=\"true\">\n<div class=\"col-xs-12 col-sm-3 no-gutter-col col-md-4\">\n<div class=\"contentswap-effect\" data-hover-fx=\"portfolio-4\">\n<div class=\"initial-image\"> <img decoding=\"async\" data-size=\"542x360\" src=\"https:\/\/biotimarrons.org\/wp-content\/uploads\/2020\/10\/cropped-cropped-IMG_6333-scaled-2.jpg\"><\/div>\n<div class=\"overlay bg-color1\"><\/div>\n<div class=\"swap-inner col-xs-12\">\n<div class=\"row full-height-row middle-xs middle-sm\">\n<div class=\"col-xs-12 text-center content-holder\"> <a href=\"#\" target=\"_self\" rel=\"noopener\"><i class=\"fa icon portfolio-icon fa-search big\" aria-hidden=\"true\"><\/i><\/a><\/div>\n<\/div>\n<\/div>\n<\/div>\n<\/div>\n<div class=\"col-xs-12 col-sm-3 no-gutter-col col-md-4\">\n<div class=\"contentswap-effect\" data-hover-fx=\"portfolio-4\">\n<div class=\"initial-image\"> <img decoding=\"async\" data-size=\"542x360\" src=\"https:\/\/biotimarrons.org\/wp-content\/uploads\/2021\/07\/cropped-CLAC1.jpeg\"><\/div>\n<div class=\"overlay bg-color1\"><\/div>\n<div class=\"swap-inner col-xs-12\">\n<div class=\"row full-height-row middle-xs middle-sm\">\n<div class=\"col-xs-12 text-center content-holder\"> <a href=\"#\" target=\"_self\" rel=\"noopener\"><i class=\"fa icon portfolio-icon fa-search big\" aria-hidden=\"true\"><\/i><\/a><\/div>\n<\/div>\n<\/div>\n<\/div>\n<\/div>\n<div class=\"col-xs-12 col-sm-3 no-gutter-col col-md-4\">\n<div class=\"contentswap-effect\" data-hover-fx=\"portfolio-4\">\n<div class=\"initial-image\"> <img decoding=\"async\" data-size=\"542x360\" src=\"https:\/\/biotimarrons.org\/wp-content\/uploads\/2021\/07\/cropped-IMG_20210729_174217-scaled-1.jpg\"><\/div>\n<div class=\"overlay bg-color1\"><\/div>\n<div class=\"swap-inner col-xs-12\">\n<div class=\"row full-height-row middle-xs middle-sm\">\n<div class=\"col-xs-12 text-center content-holder\"> <a href=\"#\" target=\"_self\" rel=\"noopener\"><i class=\"fa icon portfolio-icon fa-search big\" aria-hidden=\"true\"><\/i><\/a><\/div>\n<\/div>\n<\/div>\n<\/div>\n<\/div>\n<div class=\"col-xs-12 col-sm-3 no-gutter-col col-md-4\">\n<div class=\"contentswap-effect\" data-hover-fx=\"portfolio-4\">\n<div class=\"initial-image\"> <img decoding=\"async\" data-size=\"542x360\" src=\"https:\/\/biotimarrons.org\/wp-content\/uploads\/2020\/09\/cropped-DSC01599-scaled-1.jpg\"><\/div>\n<div class=\"overlay bg-color1\"><\/div>\n<div class=\"swap-inner col-xs-12\">\n<div class=\"row full-height-row middle-xs middle-sm\">\n<div class=\"col-xs-12 text-center content-holder\"> <a href=\"#\" target=\"_self\" rel=\"noopener\"><i class=\"fa icon portfolio-icon fa-search big\" aria-hidden=\"true\"><\/i><\/a><\/div>\n<\/div>\n<\/div>\n<\/div>\n<\/div>\n<div class=\"col-xs-12 col-sm-3 no-gutter-col col-md-4\">\n<div class=\"contentswap-effect\" data-hover-fx=\"portfolio-4\">\n<div class=\"initial-image\"> <img decoding=\"async\" data-size=\"542x360\" src=\"https:\/\/biotimarrons.org\/wp-content\/uploads\/2020\/10\/cropped-cropped-IMG_5561-scaled-1-1.jpg\"><\/div>\n<div class=\"overlay bg-color1\"><\/div>\n<div class=\"swap-inner col-xs-12\">\n<div class=\"row full-height-row middle-xs middle-sm\">\n<div class=\"col-xs-12 text-center content-holder\"> <a href=\"#\" target=\"_self\" rel=\"noopener\"><i class=\"fa icon portfolio-icon fa-search big\" aria-hidden=\"true\"><\/i><\/a><\/div>\n<\/div>\n<\/div>\n<\/div>\n<\/div>\n<div class=\"col-xs-12 col-sm-3 no-gutter-col col-md-4\">\n<div class=\"contentswap-effect\" data-hover-fx=\"portfolio-4\">\n<div class=\"initial-image\"> <img decoding=\"async\" data-size=\"542x360\" src=\"https:\/\/biotimarrons.org\/wp-content\/uploads\/2020\/10\/cropped-IMG_0894-1-scaled-1.jpg\"><\/div>\n<div class=\"overlay bg-color1\"><\/div>\n<div class=\"swap-inner col-xs-12\">\n<div class=\"row full-height-row middle-xs middle-sm\">\n<div class=\"col-xs-12 text-center content-holder\"> <a href=\"#\" target=\"_self\" rel=\"noopener\"><i class=\"fa icon portfolio-icon fa-search big\" aria-hidden=\"true\"><\/i><\/a><\/div>\n<\/div>\n<\/div>\n<\/div>\n<\/div>\n<\/div>\n<\/div>\n<\/div>\n<div id=\"cta-1\" data-label=\"Cta\" data-id=\"cta-blue-section\" data-export-id=\"cta-blue-section\" data-category=\"cta\" class=\"cta-blue-section content-section content-section-spacing-medium bg-color1 white-text\">\n<div class=\"gridContainer\">\n<div class=\"row middle-xs\">\n<div class=\"col-sm-8 space-bottom-xs\" data-type=\"column\">\n<h2 class=\"\">et pour adh\u00e9rer c\u2019est par ici\u2026<br><span class=\"font-300\"><\/span><\/h2>\n<\/div>\n<div class=\"col-sm-4 end-sm\" data-type=\"column\"> <a class=\"button color2\" href=\"https:\/\/biotimarrons.org\/index.php\/adhesion\" target=\"_self\" data-cp-link=\"1\" rel=\"noopener\">ADHESION<\/a><\/div>\n<\/div>\n<\/div>\n<\/div>\n<div data-label=\"Latest-news\" data-id=\"latest_news--1\" data-export-id=\"blog-section\" data-category=\"latest_news\" class=\"blog-section blog-section-standard content-section content-section-spacing\" id=\"latest_news-1\" style=\"background-color: rgb(245, 250, 253);\">\n<div class=\"gridContainer\">\n<div class=\"row\">\n<div data-type=\"column\" class=\"section-title-col\">  <\/div>\n<\/div>\n<div class=\"row\">\n<div data-type=\"row\" data-dynamic-columns=\"handled\" data-content-shortcode=\"mesmerize_latest_news\">\t\t<div class=\"row center-sm content-left-sm\">\n\t\t\t\t\t<div id=\"post-1\" class=\"col-sm-6 col-md-4 space-bottom space-bottom-xs\">\n\t\t\t\t<div class=\"post-content card y-move bordered\">\n\t\t\t\t\t<div class=\"post-thumbnail\">\n   <a href=\"https:\/\/biotimarrons.org\/index.php\/2020\/06\/28\/bonjour-tout-le-monde\/\" class=\"post-list-item-thumb \">\n      \n            <svg class=\"mesmerize-post-list-item-thumb-placeholder\" width=\"890\" height=\"580\" viewBox=\"0 0 890 580\"\n         preserveAspectRatio=\"none\">\n         <rect width=\"890\" height=\"580\" style=\"fill:#FF9800;\"><\/rect>\n      <\/svg>\n               <\/a>\n<\/div>\n\t\t\t\t\t<div class=\"col-padding col-padding-xs\">\n\t\t\t\t\t\t<h3 class=\"post-title space-bottom-small\">\n\t\t\t\t\t\t\t<a href=\"https:\/\/biotimarrons.org\/index.php\/2020\/06\/28\/bonjour-tout-le-monde\/\" rel=\"bookmark\">\n\t\t\t\t\t\t\t\tLa r\u00e9silience alimentaire du territoire passe par l&rsquo;action collective\u00a0!\t\t\t\t\t\t\t<\/a>\n\t\t\t\t\t\t<\/h3>\n\t\t\t\t\t\t<p>Dans un territoire marqu\u00e9 par la viticulture et subissant une pression urbaine et d\u00e9mographique importante, la place des productions agricoles alimentaires est aujourd\u2019hui tr\u00e8s insuffisante pour r\u00e9pondre aux enjeux alimentaires,[&hellip;]<\/p>\n\t\t\t\t\t\t<a class=\"read-more link\" href=\"https:\/\/biotimarrons.org\/index.php\/2020\/06\/28\/bonjour-tout-le-monde\/\">\n\t\t\t\t\t\t\tRead more\t\t\t\t\t\t<\/a>\n\t\t\t\t\t<\/div>\n\t\t\t\t<\/div>\n\t\t\t<\/div>\n\t\t\t\t<\/div>\n\t<\/div>\n<\/div>\n<div class=\"row\">\n<div class=\"text-center\"> <a class=\"button color1\" data-attr-shortcode=\"href:mesmerize_blog_link\" href=\"[mesmerize_blog_link]\">autres publications<\/a><\/div>\n<\/div>\n<\/div>\n<\/div>\n<div id=\"contact-1\" data-label=\"Contact\" data-id=\"contact-1\" data-export-id=\"contact-1\" data-category=\"contact\" class=\"contact-1 content-section content-section-spacing white-text\" data-parallax-depth=\"20\" style=\"background-image: url(&quot;https:\/\/biotimarrons.org\/wp-content\/uploads\/2020\/09\/RDVBIO-1.jpg&quot;); background-size: cover; background-position: center top;\">\n<div class=\"gridContainer\">\n<div class=\"row text-center\">\n<div class=\"section-title-col\" data-type=\"column\">\n<h2 class=\"\">Contactez nous<\/h2>\n<\/div>\n<\/div>\n<div class=\"row text-center\">\n<div class=\"col-xs-12 col-sm-8 col-sm-offset-2 contact-form-wrapper inline-info\">\n<div class=\"card large-padding\">\n<div class=\"\" data-content-shortcode=\"mesmerize_contact_form shortcode=&quot;wpforms id=&amp;amp;quot;543&amp;amp;quot;&quot;\" data-editable=\"true\"><div class=\"wpforms-container wpforms-container-full\" id=\"wpforms-543\"><form id=\"wpforms-form-543\" class=\"wpforms-validate wpforms-form wpforms-ajax-form\" data-formid=\"543\" method=\"post\" enctype=\"multipart\/form-data\" action=\"\/index.php\/wp-json\/wp\/v2\/pages\/498\" data-token=\"356f0b5b94dd2e9e1385451c7b783b72\" data-token-time=\"1775938463\"><noscript class=\"wpforms-error-noscript\">Veuillez activer JavaScript dans votre navigateur pour remplir ce formulaire.<\/noscript><div class=\"wpforms-field-container\"><div id=\"wpforms-543-field_0-container\" class=\"wpforms-field wpforms-field-name\" data-field-id=\"0\"><label class=\"wpforms-field-label\">Identit\u00e9 <span class=\"wpforms-required-label\">*<\/span><\/label><div class=\"wpforms-field-row wpforms-field-medium\"><div class=\"wpforms-field-row-block wpforms-first wpforms-one-half\"><input type=\"text\" id=\"wpforms-543-field_0\" class=\"wpforms-field-name-first wpforms-field-required\" name=\"wpforms[fields][0][first]\" required><label for=\"wpforms-543-field_0\" class=\"wpforms-field-sublabel after\">Pr\u00e9nom<\/label><\/div><div class=\"wpforms-field-row-block wpforms-one-half\"><input type=\"text\" id=\"wpforms-543-field_0-last\" class=\"wpforms-field-name-last wpforms-field-required\" name=\"wpforms[fields][0][last]\" required><label for=\"wpforms-543-field_0-last\" class=\"wpforms-field-sublabel after\">Nom<\/label><\/div><\/div><\/div><div id=\"wpforms-543-field_1-container\" class=\"wpforms-field wpforms-field-email\" data-field-id=\"1\"><label class=\"wpforms-field-label\" for=\"wpforms-543-field_1\">Email <span class=\"wpforms-required-label\">*<\/span><\/label><input type=\"email\" id=\"wpforms-543-field_1\" class=\"wpforms-field-medium wpforms-field-required\" name=\"wpforms[fields][1]\" spellcheck=\"false\" required><\/div><div id=\"wpforms-543-field_2-container\" class=\"wpforms-field wpforms-field-textarea\" data-field-id=\"2\"><label class=\"wpforms-field-label\" for=\"wpforms-543-field_2\">Message<\/label><textarea id=\"wpforms-543-field_2\" class=\"wpforms-field-medium\" name=\"wpforms[fields][2]\" ><\/textarea><\/div><\/div><!-- .wpforms-field-container --><div class=\"wpforms-recaptcha-container wpforms-is-recaptcha wpforms-is-recaptcha-type-v3\" ><input type=\"hidden\" name=\"wpforms[recaptcha]\" value=\"\"><\/div><div class=\"wpforms-submit-container\" ><input type=\"hidden\" name=\"wpforms[id]\" value=\"543\"><input type=\"hidden\" name=\"page_title\" value=\"\"><input type=\"hidden\" name=\"page_url\" value=\"https:\/\/biotimarrons.org\/index.php\/wp-json\/wp\/v2\/pages\/498\"><input type=\"hidden\" name=\"url_referer\" value=\"\"><button type=\"submit\" name=\"wpforms[submit]\" id=\"wpforms-submit-543\" class=\"wpforms-submit\" data-alt-text=\"Envoi en cours...\" data-submit-text=\"Envoyer\" aria-live=\"assertive\" value=\"wpforms-submit\">Envoyer<\/button><img decoding=\"async\" src=\"https:\/\/biotimarrons.org\/wp-content\/plugins\/wpforms-lite\/assets\/images\/submit-spin.svg\" class=\"wpforms-submit-spinner\" style=\"display: none;\" width=\"26\" height=\"26\" alt=\"Chargement en cours\"><\/div><\/form><\/div>  <!-- .wpforms-container --><\/div>\n<\/div>\n<\/div>\n<\/div>\n<\/div>\n<\/div>\t\t\t\t\t\t\t\t<\/div>\n\t\t\t\t<\/div>\n\t\t\t\t\t<\/div>\n\t\t<\/div>\n\t\t\t\t\t<\/div>\n\t\t<\/section>\n\t\t\t\t<\/div>\n\t\t","protected":false},"excerpt":{"rendered":"","protected":false},"author":3,"featured_media":0,"parent":0,"menu_order":0,"comment_status":"closed","ping_status":"closed","template":"page-templates\/homepage.php","meta":{"footnotes":""},"class_list":["post-498","page","type-page","status-publish","hentry"],"_links":{"self":[{"href":"https:\/\/biotimarrons.org\/index.php\/wp-json\/wp\/v2\/pages\/498","targetHints":{"allow":["GET"]}}],"collection":[{"href":"https:\/\/biotimarrons.org\/index.php\/wp-json\/wp\/v2\/pages"}],"about":[{"href":"https:\/\/biotimarrons.org\/index.php\/wp-json\/wp\/v2\/types\/page"}],"author":[{"embeddable":true,"href":"https:\/\/biotimarrons.org\/index.php\/wp-json\/wp\/v2\/users\/3"}],"replies":[{"embeddable":true,"href":"https:\/\/biotimarrons.org\/index.php\/wp-json\/wp\/v2\/comments?post=498"}],"version-history":[{"count":45,"href":"https:\/\/biotimarrons.org\/index.php\/wp-json\/wp\/v2\/pages\/498\/revisions"}],"predecessor-version":[{"id":1052,"href":"https:\/\/biotimarrons.org\/index.php\/wp-json\/wp\/v2\/pages\/498\/revisions\/1052"}],"wp:attachment":[{"href":"https:\/\/biotimarrons.org\/index.php\/wp-json\/wp\/v2\/media?parent=498"}],"curies":[{"name":"wp","href":"https:\/\/api.w.org\/{rel}","templated":true}]}}