{"id":38,"date":"2020-09-29T18:54:59","date_gmt":"2020-09-29T16:54:59","guid":{"rendered":"http:\/\/biotimarrons.org\/?page_id=38"},"modified":"2025-01-26T14:07:41","modified_gmt":"2025-01-26T13:07:41","slug":"lassociation","status":"publish","type":"page","link":"https:\/\/biotimarrons.org\/index.php\/lassociation\/","title":{"rendered":"L\u2019Association"},"content":{"rendered":"\n<div class=\"wp-block-buttons is-layout-flex wp-block-buttons-is-layout-flex\">\n<div class=\"wp-block-button\"><a class=\"wp-block-button__link has-vivid-green-cyan-background-color has-background wp-element-button\" href=\"#Objet\">Objet<\/a><\/div>\n\n\n\n<div class=\"wp-block-button is-style-fill\"><a class=\"wp-block-button__link has-vivid-green-cyan-background-color has-background wp-element-button\" href=\"#Historique\">Historique<\/a><\/div>\n\n\n\n<div class=\"wp-block-button\"><a class=\"wp-block-button__link has-vivid-green-cyan-background-color has-background wp-element-button\" href=\"#Textes\">Textes fondateurs<\/a><\/div>\n<\/div>\n\n\n\n<pre class=\"wp-block-verse\" id=\"Objet\"><\/pre>\n\n\n\n<h3 class=\"wp-block-heading\">Objets<\/h3>\n\n\n\n<blockquote class=\"wp-block-quote has-text-align-center is-style-large is-layout-flow wp-block-quote-is-layout-flow\">\n<p><strong><span class=\"has-inline-color has-black-color\">C&rsquo;est aux habitants-consommateurs de prendre en main leur alimentation et d&rsquo;exprimer le souhait d&rsquo;une agriculture vivri\u00e8re locale de qualit\u00e9.<\/span><\/strong><\/p>\n<\/blockquote>\n\n\n\n<p class=\"has-black-color has-text-color\"><strong>L\u2019association \u00ab&nbsp;BIOTIMARRONS&nbsp;\u00bb&nbsp;<\/strong> a pour objets de participer&nbsp;:<\/p>\n\n\n\n<ul class=\"wp-block-list has-black-color has-text-color\">\n<li><span class=\"has-inline-color has-black-color\">&nbsp;\u00e0 l\u2019accroissement de la r\u00e9silience alimentaire et \u00e0 la promotion de la production, de la transformation et de la commercialisation de produits issus de l\u2019agriculture biologique et locale,<\/span><\/li>\n\n\n\n<li><span class=\"has-inline-color has-black-color\">\u00e0 la relocalisation de l\u2019\u00e9conomie par l\u2019\u00e9conomie sociale et solidaire,<\/span><\/li>\n\n\n\n<li><span class=\"has-inline-color has-black-color\">\u00e0 la r\u00e9appropriation de l\u2019espace et du dialogue public,<\/span><\/li>\n\n\n\n<li><span class=\"has-inline-color has-black-color\">\u00e0 l&rsquo;autonomie \u00e9nerg\u00e9tique du territoire par la sensibilisation et l&rsquo;aide au d\u00e9veloppement de projets producteurs d&rsquo;\u00e9nergies renouvelables qui favorisent une \u00e9conomie non extractive (retomb\u00e9es financi\u00e8res locales)<\/span><\/li>\n<\/ul>\n\n\n\n<p><\/p>\n\n\n\n<pre class=\"wp-block-verse\" id=\"Historique\"><\/pre>\n\n\n\n<p><\/p>\n\n\n\n<h3 class=\"wp-block-heading has-black-color has-text-color\">Historique<\/h3>\n\n\n\n<p class=\"has-black-color has-text-color\">Le 12 juin 2016 naissait le march\u00e9 bio de Targon autour d&rsquo;une poign\u00e9e de b\u00e9n\u00e9voles r\u00e9unis par l&rsquo;association Cartier Vert en Targonnais (CVT) avec l&rsquo;appui de la municipalit\u00e9 de Targon.<br>Nous souhaitions d\u00e9velopper une offre de produits d&rsquo;origine biologique locale en milieu rural et redonner vie \u00e0 cette belle halle de Targon.<\/p>\n\n\n\n<p class=\"has-black-color has-text-color\"><br>En septembre 2016, naissait \u00e0 son tour \u00ab\u00a0BIOTIMARRONS !\u00a0\u00bb, une association d\u00e9di\u00e9e \u00e0 l&rsquo;organisation de ce march\u00e9 qui allait devenir les \u00ab\u00a0<strong>Rendez-vous bio de Targon\u00a0\u00bb<\/strong>. Ce n&rsquo;\u00e9tait pas qu&rsquo;un simple changement de nom : les RDV Bio devenaient un \u00e9v\u00e9nement mensuel m\u00ealant un march\u00e9 bio, des stands artisanaux et des stands associatifs. Et tout \u00e7a, nous le voulions dans un esprit festif diff\u00e9rent de celui d&rsquo;un march\u00e9 traditionnel : convivialit\u00e9, rencontres, parole citoyenne, restauration bio sur place, animations musicales par des mini-concerts gratuits de musiciens eux aussi locaux.&nbsp;<\/p>\n\n\n\n<p class=\"has-black-color has-text-color\"> Depuis l&rsquo;association s&rsquo;est structur\u00e9e, s&rsquo;est adjointe <strong>un groupement d&rsquo;achat et une micro-\u00e9picerie <\/strong>avec des distributions hebdomadaires de produits frais pour ses adh\u00e9rents. En juin 2019, nous signons un bail pour la location d&rsquo;un local accueillant la micro-\u00e9picerie et le stockage du mat\u00e9riel, au<strong> 4 rue Ren\u00e9 Pezat<\/strong> . <\/p>\n\n\n\n<p>Fin 2021, faisant suite aux modifications de fonctionnement de l&rsquo;application Cagette, nous rejoignons le r\u00e9seau des Epi (devenu <a href=\"https:\/\/mouvementdesepis.org\/\">mouvement des Epi<\/a>s en 2025) <\/p>\n\n\n\n<p class=\"has-black-color has-text-color\">Durant ces quatre ann\u00e9es, des personnes b\u00e9n\u00e9voles se sont impliqu\u00e9es. Chacune a apport\u00e9 son \u00e9nergie dans la r\u00e9alisation des objectifs de l&rsquo;association : <strong>relocalisation d&rsquo;une agriculture vivri\u00e8re biologique sur notre territoire de l&rsquo;Entre-Deux-Mers<\/strong>, territoire qui a c\u00e9d\u00e9 peu \u00e0 peu sa souverainet\u00e9<em> alimentaire \u00e0 la monoculture de la vigne. Que ces b\u00e9n\u00e9voles soient remerci\u00e9s pour leurs apports \u00e0 l&rsquo;\u00e9difice commun.<\/em> <\/p>\n\n\n\n<p class=\"has-black-color has-text-color\"><em>La p\u00e9riode que nous venons de vivre avec un confinement sanitaire nous conforte dans notre volont\u00e9 de continuer sans rel\u00e2che de militer pour la relocalisation de cet agriculture nourrici\u00e8re en Entre-deux-Mers. Nous avons vu, comme tout le monde, le manque de r\u00e9silience du syst\u00e8me alimentaire de notre pays qui exporte massivement des produits de son agriculture et en importe tout aussi massivement (50% des fruits et l\u00e9gumes par exemple !) avec les impacts n\u00e9gatifs sur le climat et la biodiversit\u00e9 que cela engendre. La farine manquait dans les rayons des supermarch\u00e9s, mais pas chez le producteur local&#8230;<\/em> &nbsp; <\/p>\n\n\n\n<p class=\"has-black-color has-text-color\"><em>On reproche aux produits d&rsquo;origine biologique d&rsquo;\u00eatre plus chers, mais c&rsquo;est le prix \u00e0 payer pour une alimentation de qualit\u00e9 qui permet de faire vivre les producteurs au plus pr\u00e8s de nos assiettes&#8230; <\/em><strong><em>Pensons-y, et pas seulement quand la cha\u00eene de la production mondialis\u00e9e se rompt !<\/em> <\/strong><\/p>\n\n\n\n<p class=\"has-black-color has-text-color\"> <strong>Si vous voulez que nos activit\u00e9s perdurent, grandissent, rejoignez-nous !<\/strong> <\/p>\n\n\n\n<pre class=\"wp-block-verse\" id=\"Textes\"><\/pre>\n\n\n\n<h3 class=\"wp-block-heading\">Textes fondateurs<\/h3>\n\n\n\n<p><\/p>\n\n\n\n<p class=\"has-black-color has-text-color\">T\u00e9l\u00e9chargez les Statuts associatifs et le R\u00e8glement Int\u00e9rieur :<\/p>\n\n\n\n<div class=\"wp-block-buttons is-horizontal is-content-justification-center is-layout-flex wp-container-core-buttons-is-layout-499968f5 wp-block-buttons-is-layout-flex\">\n<div class=\"wp-block-button\"><a class=\"wp-block-button__link has-text-color has-background wp-element-button\" href=\"https:\/\/biotimarrons.org\/wp-content\/uploads\/2024\/06\/Statuts-BIOTIMARRONS-rev060221.pdf\" style=\"border-radius:50px;color:#fffffa;background:linear-gradient(135deg,rgb(135,9,53) 0%,rgb(179,22,22) 100%)\" target=\"_blank\" rel=\"noreferrer noopener\">Statuts de l&rsquo;association<\/a><\/div>\n\n\n\n<div class=\"wp-block-button\"><a class=\"wp-block-button__link has-text-color has-background wp-element-button\" href=\"https:\/\/biotimarrons.org\/wp-content\/uploads\/2025\/01\/RI17122024-1.pdf\" style=\"border-radius:50px;color:#fffffa;background:linear-gradient(317deg,rgb(135,9,53) 0%,rgb(179,22,22) 100%)\" target=\"_blank\" rel=\"noreferrer noopener\">R\u00e8glement Int\u00e9rieur<\/a><\/div>\n<\/div>\n\n\n\n<p><\/p>\n","protected":false},"excerpt":{"rendered":"<p>Objets C&rsquo;est aux habitants-consommateurs de prendre en main leur alimentation et d&rsquo;exprimer le souhait d&rsquo;une agriculture vivri\u00e8re locale de qualit\u00e9. L\u2019association \u00ab&nbsp;BIOTIMARRONS&nbsp;\u00bb&nbsp; a pour objets de participer&nbsp;: Historique Le 12 juin 2016 naissait le march\u00e9 bio de Targon autour d&rsquo;une poign\u00e9e de b\u00e9n\u00e9voles r\u00e9unis par l&rsquo;association Cartier Vert en Targonnais (CVT) avec l&rsquo;appui de la&hellip; <br \/> <a class=\"read-more\" href=\"https:\/\/biotimarrons.org\/index.php\/lassociation\/\">Lire la suite<\/a><\/p>\n","protected":false},"author":3,"featured_media":0,"parent":0,"menu_order":0,"comment_status":"closed","ping_status":"closed","template":"","meta":{"footnotes":""},"class_list":["post-38","page","type-page","status-publish","hentry"],"_links":{"self":[{"href":"https:\/\/biotimarrons.org\/index.php\/wp-json\/wp\/v2\/pages\/38","targetHints":{"allow":["GET"]}}],"collection":[{"href":"https:\/\/biotimarrons.org\/index.php\/wp-json\/wp\/v2\/pages"}],"about":[{"href":"https:\/\/biotimarrons.org\/index.php\/wp-json\/wp\/v2\/types\/page"}],"author":[{"embeddable":true,"href":"https:\/\/biotimarrons.org\/index.php\/wp-json\/wp\/v2\/users\/3"}],"replies":[{"embeddable":true,"href":"https:\/\/biotimarrons.org\/index.php\/wp-json\/wp\/v2\/comments?post=38"}],"version-history":[{"count":22,"href":"https:\/\/biotimarrons.org\/index.php\/wp-json\/wp\/v2\/pages\/38\/revisions"}],"predecessor-version":[{"id":1078,"href":"https:\/\/biotimarrons.org\/index.php\/wp-json\/wp\/v2\/pages\/38\/revisions\/1078"}],"wp:attachment":[{"href":"https:\/\/biotimarrons.org\/index.php\/wp-json\/wp\/v2\/media?parent=38"}],"curies":[{"name":"wp","href":"https:\/\/api.w.org\/{rel}","templated":true}]}}