{"id":256,"date":"2021-07-13T19:06:58","date_gmt":"2021-07-13T17:06:58","guid":{"rendered":"https:\/\/biotimarrons.org\/?page_id=256"},"modified":"2023-02-23T13:28:53","modified_gmt":"2023-02-23T12:28:53","slug":"collectif-dadministration-2021","status":"publish","type":"page","link":"https:\/\/biotimarrons.org\/index.php\/collectif-dadministration-2021\/","title":{"rendered":"Collectif d&rsquo;Administration 2023"},"content":{"rendered":"\t\t<div data-elementor-type=\"wp-page\" data-elementor-id=\"256\" class=\"elementor elementor-256\">\n\t\t\t\t\t\t<section class=\"elementor-section elementor-top-section elementor-element elementor-element-583299aa elementor-section-boxed elementor-section-height-default elementor-section-height-default\" data-id=\"583299aa\" data-element_type=\"section\" data-e-type=\"section\">\n\t\t\t\t\t\t<div class=\"elementor-container elementor-column-gap-default\">\n\t\t\t\t\t<div class=\"elementor-column elementor-col-100 elementor-top-column elementor-element elementor-element-4557a29a\" data-id=\"4557a29a\" data-element_type=\"column\" data-e-type=\"column\">\n\t\t\t<div class=\"elementor-widget-wrap elementor-element-populated\">\n\t\t\t\t\t\t<div class=\"elementor-element elementor-element-5f670ec5 elementor-widget elementor-widget-text-editor\" data-id=\"5f670ec5\" data-element_type=\"widget\" data-e-type=\"widget\" data-widget_type=\"text-editor.default\">\n\t\t\t\t<div class=\"elementor-widget-container\">\n\t\t\t\t\t\t\t\t\t<p><\/p>\n<figure class=\"wp-block-table is-style-stripes\">\n<table class=\"has-black-color has-text-color\">\n<thead>\n<tr>\n<th>Nom<\/th>\n<th>Pr\u00e9nom<\/th>\n<th>Commune<\/th>\n<\/tr>\n<\/thead>\n<tbody>\n<tr>\n<td>BOUDON<\/td>\n<td>Maryse<\/td>\n<td>SOULIGNAC<\/td>\n<\/tr>\n<tr>\n<td>LAJUZAN<\/td>\n<td>Fran\u00e7oise<\/td>\n<td>CREON<\/td>\n<\/tr>\n<tr>\n<td>LAROCHE<\/td>\n<td>Ga\u00ebtan<\/td>\n<td>MOULON<\/td>\n<\/tr>\n<tr>\n<td>LEBEDEL<\/td>\n<td>Erika<\/td>\n<td>LESTIAC\/Garonne<\/td>\n<\/tr>\n<tr>\n<td><span class=\"has-inline-color has-black-color\">SAZIO<\/span><\/td>\n<td>Francine<\/td>\n<td>SOULIGNAC<\/td>\n<\/tr>\n<tr>\n<td>SCHNELL<\/td>\n<td>Christine<\/td>\n<td>SOULIGNAC<\/td>\n<\/tr>\n<tr>\n<td>SCHNELL<\/td>\n<td>Dominique<\/td>\n<td>SOULIGNAC<\/td>\n<\/tr>\n<tr>\n<td>SENDIN<\/td>\n<td>Jacquotte<\/td>\n<td>JUGAZAN<\/td>\n<\/tr>\n<\/tbody>\n<\/table>\n<figcaption><span class=\"has-inline-color has-black-color\">Tous les membres du collectif d\u2019administration son co-pr\u00e9sident.e.s<\/span><\/figcaption>\n<\/figure>\n<p><\/p>\n<p><\/p>\n<p><\/p>\t\t\t\t\t\t\t\t<\/div>\n\t\t\t\t<\/div>\n\t\t\t\t\t<\/div>\n\t\t<\/div>\n\t\t\t\t\t<\/div>\n\t\t<\/section>\n\t\t\t\t<\/div>\n\t\t","protected":false},"excerpt":{"rendered":"<p>Nom Pr\u00e9nom Commune BOUDON Maryse SOULIGNAC LAJUZAN Fran\u00e7oise CREON LAROCHE Ga\u00ebtan MOULON LEBEDEL Erika LESTIAC\/Garonne SAZIO Francine SOULIGNAC SCHNELL Christine SOULIGNAC SCHNELL Dominique SOULIGNAC SENDIN Jacquotte JUGAZAN Tous les membres du collectif d\u2019administration son co-pr\u00e9sident.e.s<\/p>\n","protected":false},"author":3,"featured_media":0,"parent":0,"menu_order":0,"comment_status":"closed","ping_status":"closed","template":"","meta":{"footnotes":""},"class_list":["post-256","page","type-page","status-publish","hentry"],"_links":{"self":[{"href":"https:\/\/biotimarrons.org\/index.php\/wp-json\/wp\/v2\/pages\/256","targetHints":{"allow":["GET"]}}],"collection":[{"href":"https:\/\/biotimarrons.org\/index.php\/wp-json\/wp\/v2\/pages"}],"about":[{"href":"https:\/\/biotimarrons.org\/index.php\/wp-json\/wp\/v2\/types\/page"}],"author":[{"embeddable":true,"href":"https:\/\/biotimarrons.org\/index.php\/wp-json\/wp\/v2\/users\/3"}],"replies":[{"embeddable":true,"href":"https:\/\/biotimarrons.org\/index.php\/wp-json\/wp\/v2\/comments?post=256"}],"version-history":[{"count":17,"href":"https:\/\/biotimarrons.org\/index.php\/wp-json\/wp\/v2\/pages\/256\/revisions"}],"predecessor-version":[{"id":970,"href":"https:\/\/biotimarrons.org\/index.php\/wp-json\/wp\/v2\/pages\/256\/revisions\/970"}],"wp:attachment":[{"href":"https:\/\/biotimarrons.org\/index.php\/wp-json\/wp\/v2\/media?parent=256"}],"curies":[{"name":"wp","href":"https:\/\/api.w.org\/{rel}","templated":true}]}}