{"id":1172,"date":"2026-04-18T17:37:18","date_gmt":"2026-04-18T15:37:18","guid":{"rendered":"https:\/\/biotimarrons.org\/?page_id=1172"},"modified":"2026-04-18T18:34:33","modified_gmt":"2026-04-18T16:34:33","slug":"cuisine","status":"publish","type":"page","link":"https:\/\/biotimarrons.org\/index.php\/cuisine\/","title":{"rendered":"Festiv&rsquo;Alim : Ateliers de cuisine saine et locale"},"content":{"rendered":"\n<p><\/p>\n\n\n\n<div class=\"wp-block-media-text is-stacked-on-mobile\" style=\"grid-template-columns:15% auto\"><figure class=\"wp-block-media-text__media\"><img decoding=\"async\" width=\"160\" height=\"143\" src=\"https:\/\/biotimarrons.org\/wp-content\/uploads\/2026\/04\/Capture-decran-2026-04-18-173751.png\" alt=\"\" class=\"wp-image-1175 size-full\"\/><\/figure><div class=\"wp-block-media-text__content\">\n<p class=\"has-text-align-left has-black-color has-luminous-vivid-amber-background-color has-text-color has-background has-link-color wp-elements-d17ad510baf91ffd272d7f33c7aa23ca\">Avec le projet \u00ab\u00a0le Fait&rsquo;tout\u00a0\u00bb de notre partenaire, l&rsquo;association <a href=\"https:\/\/associationauringleta.wordpress.com\/\" target=\"_blank\" rel=\"noreferrer noopener\">L&rsquo;Auringleta<\/a>, venez :<br>&#8211; <strong>Exp\u00e9rimenter <\/strong>une cuisine \u00e9conomique, anti-gaspillage, imaginative voire surprenante.<br>&#8211; <strong>D\u00e9couvrir <\/strong>ou <strong>re-d\u00e9couvrir<\/strong> le go\u00fbt propre \u00e0 chaque v\u00e9g\u00e9tal, sa famille, sa saisonnalit\u00e9, la pollinisation. <br>&#8211; <strong>Acqu\u00e9rir&nbsp;<\/strong>ou <strong>conforter <\/strong>des notions de nutrition, de sant\u00e9, d&rsquo;\u00e9quilibre alimentaire, conna\u00eetre les produits nocifs, savoir lire les \u00e9tiquettes, les logos (panneaux p\u00e9dagogiques et ludiques.<br>Deux ateliers dans la journ\u00e9e :<br><strong>&#8211; 10:00 \u00e0 12:00<br>&#8211; 14:30 \u00e0 16:30<\/strong><br><em>Ateliers gratuits, familles bienvenues, d\u00e9gustation des pr\u00e9parations<\/em><\/p>\n\n\n\n<ul class=\"wp-block-list\">\n<li><\/li>\n<\/ul>\n<\/div><\/div>\n\n\n\n<figure class=\"wp-block-embed is-type-video is-provider-youtube wp-block-embed-youtube wp-embed-aspect-16-9 wp-has-aspect-ratio\"><div class=\"wp-block-embed__wrapper\">\n<div class='embed-container'><iframe title=\"L&#039;Auringleta - Le Fait&#039;Tout\" width=\"1920\" height=\"1080\" src=\"https:\/\/www.youtube.com\/embed\/0xD1Edj-ynQ?feature=oembed\" frameborder=\"0\" allow=\"accelerometer; autoplay; clipboard-write; encrypted-media; gyroscope; picture-in-picture; web-share\" referrerpolicy=\"strict-origin-when-cross-origin\" allowfullscreen><\/iframe><\/div>\n<\/div><\/figure>\n\n\n\n<iframe src=\"https:\/\/framaforms.org\/inscription-atelier-cuisine-saine-et-durable-1776527577\" width=\"100%\" height=\"800\" border=\"0\"><\/iframe>\n","protected":false},"excerpt":{"rendered":"","protected":false},"author":1,"featured_media":0,"parent":0,"menu_order":0,"comment_status":"closed","ping_status":"closed","template":"","meta":{"footnotes":""},"class_list":["post-1172","page","type-page","status-publish","hentry"],"_links":{"self":[{"href":"https:\/\/biotimarrons.org\/index.php\/wp-json\/wp\/v2\/pages\/1172","targetHints":{"allow":["GET"]}}],"collection":[{"href":"https:\/\/biotimarrons.org\/index.php\/wp-json\/wp\/v2\/pages"}],"about":[{"href":"https:\/\/biotimarrons.org\/index.php\/wp-json\/wp\/v2\/types\/page"}],"author":[{"embeddable":true,"href":"https:\/\/biotimarrons.org\/index.php\/wp-json\/wp\/v2\/users\/1"}],"replies":[{"embeddable":true,"href":"https:\/\/biotimarrons.org\/index.php\/wp-json\/wp\/v2\/comments?post=1172"}],"version-history":[{"count":7,"href":"https:\/\/biotimarrons.org\/index.php\/wp-json\/wp\/v2\/pages\/1172\/revisions"}],"predecessor-version":[{"id":1185,"href":"https:\/\/biotimarrons.org\/index.php\/wp-json\/wp\/v2\/pages\/1172\/revisions\/1185"}],"wp:attachment":[{"href":"https:\/\/biotimarrons.org\/index.php\/wp-json\/wp\/v2\/media?parent=1172"}],"curies":[{"name":"wp","href":"https:\/\/api.w.org\/{rel}","templated":true}]}}