{"id":1157,"date":"2026-04-18T16:24:21","date_gmt":"2026-04-18T14:24:21","guid":{"rendered":"https:\/\/biotimarrons.org\/?page_id=1157"},"modified":"2026-04-18T17:30:48","modified_gmt":"2026-04-18T15:30:48","slug":"accessible","status":"publish","type":"page","link":"https:\/\/biotimarrons.org\/index.php\/accessible\/","title":{"rendered":"Festiv&rsquo;ALim : Solidaire et Accessible"},"content":{"rendered":"\n<figure class=\"wp-block-image size-large\"><img fetchpriority=\"high\" decoding=\"async\" width=\"1024\" height=\"233\" src=\"https:\/\/biotimarrons.org\/wp-content\/uploads\/2026\/04\/AT_solidaires-1024x233.png\" alt=\"\" class=\"wp-image-1110\" srcset=\"https:\/\/biotimarrons.org\/wp-content\/uploads\/2026\/04\/AT_solidaires-1024x233.png 1024w, https:\/\/biotimarrons.org\/wp-content\/uploads\/2026\/04\/AT_solidaires-300x68.png 300w, https:\/\/biotimarrons.org\/wp-content\/uploads\/2026\/04\/AT_solidaires-768x175.png 768w, https:\/\/biotimarrons.org\/wp-content\/uploads\/2026\/04\/AT_solidaires.png 1530w\" sizes=\"(max-width: 1024px) 100vw, 1024px\" \/><\/figure>\n\n\n\n<p class=\"has-black-color has-text-color has-link-color wp-elements-ec3ac2beecdc98c4f2c9a6f062c3fe51\">L&rsquo;alimentation bio et locale devrait pouvoir \u00eatre accessible \u00e0 tout le monde, quelque soient les revenus de chacun, chacune. Se nourrir sainement est un droit. Pour cela nous sommes tr\u00e8s attentifs aux exp\u00e9rimentations de la S\u00e9curit\u00e9 Sociale de l&rsquo;Alimentation qui vise \u00e0 appliquer \u00e0 l&rsquo;Alimentation le syst\u00e8me de la S\u00e9curit\u00e9 Sociale. Tout le monde cotise selon ses moyens et consomme selon ses besoins. Concr\u00e8tement, \u00e0 l&rsquo;entr\u00e9e du Festiv&rsquo;Alim, une caisse vous permettra d&rsquo;\u00e9changer des Euros en <a href=\"https:\/\/lagemme.org\/\" target=\"_blank\" rel=\"noreferrer noopener\">Gemme<\/a> (la monnaie locale). Cette caisse simulera une caisse locale de l&rsquo;alimentation. Votre cotisation sera mat\u00e9rialis\u00e9e par les sommes que vous \u00e9changerez. <br><br>=&gt; <strong>Vous cotiserez selon vos moyens<\/strong><br>Lors de cet \u00e9change il vous sera demand\u00e9 en fonction de votre situation financi\u00e8re de choisir un mode de cotisation : <\/p>\n\n\n\n<ul class=\"wp-block-list\">\n<li class=\"has-black-color has-text-color has-link-color wp-elements-c1eef348c8b83f03f47e822b80b20c75\"><strong>cotisation de base <\/strong>: vous recevez autant de Gemme (G) que d&rsquo;Euros (\u20ac) ;<\/li>\n\n\n\n<li class=\"has-black-color has-text-color has-link-color wp-elements-8748c630412a5fe9235dfc3ea645b8b7\"><strong>cotisation solidaire <\/strong>: vous cotisez plus que la cotisation de base. Vous faites un don d&rsquo;une partie de votre \u00e9change.;<\/li>\n\n\n\n<li class=\"has-black-color has-text-color has-link-color wp-elements-8d40646fd5b4a57680839f7337d7b0a6\"><strong>cotisation accessible<\/strong> : vous cotisez moins que la cotisation de base <\/li>\n<\/ul>\n\n\n\n<p class=\"has-black-color has-text-color has-link-color wp-elements-8ec5a00eacb9d0dde782504d36a9763d\">=&gt; <strong>Vous consommerez selon vos besoins<\/strong><br>Ainsi pour recevoir <strong>10G<\/strong> :<\/p>\n\n\n\n<ul class=\"wp-block-list\">\n<li class=\"has-black-color has-text-color has-link-color wp-elements-99b86216da34436f68024c2ed08fa6c6\">vous verserez <strong>10\u20ac<\/strong> en cotisation de <strong>base<\/strong><\/li>\n\n\n\n<li class=\"has-black-color has-text-color has-link-color wp-elements-6b03ef22b8d3e80bc55d1a7e2e88bca0\">vous verserez <strong>11\u20ac <\/strong>en cotisation <strong>solidaire<\/strong><\/li>\n\n\n\n<li class=\"has-black-color has-text-color has-link-color wp-elements-d67f059373bb1c86a59ef1b3b93940fd\">vous verserez<strong> 8\u20ac<\/strong> en cotisation <strong>accessible<\/strong><\/li>\n<\/ul>\n\n\n\n<p class=\"has-black-color has-text-color has-link-color wp-elements-12d801d35ff47aa1c5ace36c5fbea786\">Vous pouvez donc \u00e0 pr\u00e9sent acheter des produits alimentaires sur le march\u00e9 bio et local du Festiv&rsquo;Alim \u00ab\u00a0A Taaable\u00a0\u00bb, mais aussi de la restauration ou de la buvette.<br>Pour r\u00e9gler vos achats vous pouvez : <\/p>\n\n\n\n<ul class=\"wp-block-list\">\n<li class=\"has-black-color has-text-color has-link-color wp-elements-166a3f2f904fb718d118bb75ea42f779\">payer un montant rond en gemmes, et compl\u00e9ter les centimes en euros.<\/li>\n\n\n\n<li class=\"has-black-color has-text-color has-link-color wp-elements-e3143d41bcd2593267bf829025674017\">payer la totalit\u00e9 en gemmes en arrondissant \u00e0 un ou plusieurs gemmes sup\u00e9rieures. <\/li>\n<\/ul>\n\n\n\n<p class=\"has-black-color has-text-color has-link-color wp-elements-eff405c3071a15e4555ff5ca78e93aa0\"><br>A l&rsquo;issue de vos achats vous pourrez conserver les Gemmes inutilis\u00e9es en les utilisant <a href=\"https:\/\/lagemme.org\/ou-payez-en-gemmes\" target=\"_blank\" rel=\"noreferrer noopener\">dans le r\u00e9seau <\/a>, en faire don \u00e0 la caisse locale de l&rsquo;alimentation ou nous demander de vous les racheter.<br><\/p>\n\n\n\n<p><\/p>\n\n\n\n<p><\/p>\n\n\n\n<p><\/p>\n","protected":false},"excerpt":{"rendered":"<p>L&rsquo;alimentation bio et locale devrait pouvoir \u00eatre accessible \u00e0 tout le monde, quelque soient les revenus de chacun, chacune. Se nourrir sainement est un droit. Pour cela nous sommes tr\u00e8s attentifs aux exp\u00e9rimentations de la S\u00e9curit\u00e9 Sociale de l&rsquo;Alimentation qui vise \u00e0 appliquer \u00e0 l&rsquo;Alimentation le syst\u00e8me de la S\u00e9curit\u00e9 Sociale. Tout le monde cotise&hellip; <br \/> <a class=\"read-more\" href=\"https:\/\/biotimarrons.org\/index.php\/accessible\/\">Lire la suite<\/a><\/p>\n","protected":false},"author":1,"featured_media":0,"parent":0,"menu_order":0,"comment_status":"closed","ping_status":"closed","template":"","meta":{"footnotes":""},"class_list":["post-1157","page","type-page","status-publish","hentry"],"_links":{"self":[{"href":"https:\/\/biotimarrons.org\/index.php\/wp-json\/wp\/v2\/pages\/1157","targetHints":{"allow":["GET"]}}],"collection":[{"href":"https:\/\/biotimarrons.org\/index.php\/wp-json\/wp\/v2\/pages"}],"about":[{"href":"https:\/\/biotimarrons.org\/index.php\/wp-json\/wp\/v2\/types\/page"}],"author":[{"embeddable":true,"href":"https:\/\/biotimarrons.org\/index.php\/wp-json\/wp\/v2\/users\/1"}],"replies":[{"embeddable":true,"href":"https:\/\/biotimarrons.org\/index.php\/wp-json\/wp\/v2\/comments?post=1157"}],"version-history":[{"count":5,"href":"https:\/\/biotimarrons.org\/index.php\/wp-json\/wp\/v2\/pages\/1157\/revisions"}],"predecessor-version":[{"id":1167,"href":"https:\/\/biotimarrons.org\/index.php\/wp-json\/wp\/v2\/pages\/1157\/revisions\/1167"}],"wp:attachment":[{"href":"https:\/\/biotimarrons.org\/index.php\/wp-json\/wp\/v2\/media?parent=1157"}],"curies":[{"name":"wp","href":"https:\/\/api.w.org\/{rel}","templated":true}]}}