{"id":1147,"date":"2026-04-18T15:50:53","date_gmt":"2026-04-18T13:50:53","guid":{"rendered":"https:\/\/biotimarrons.org\/?page_id=1147"},"modified":"2026-04-18T19:05:28","modified_gmt":"2026-04-18T17:05:28","slug":"at_marche-2","status":"publish","type":"page","link":"https:\/\/biotimarrons.org\/index.php\/at_marche-2\/","title":{"rendered":"Festiv&rsquo;Alim : March\u00e9 bio et local"},"content":{"rendered":"\n<div class=\"wp-block-media-text is-stacked-on-mobile\" style=\"grid-template-columns:15% auto\"><figure class=\"wp-block-media-text__media\"><img decoding=\"async\" width=\"152\" height=\"131\" src=\"https:\/\/biotimarrons.org\/wp-content\/uploads\/2026\/04\/Capture-decran-2026-04-18-154934.png\" alt=\"\" class=\"wp-image-1148 size-full\"\/><\/figure><div class=\"wp-block-media-text__content\">\n<p class=\"has-black-color has-luminous-vivid-amber-background-color has-text-color has-background has-link-color wp-elements-f5ca6bcd0286bd986bffad6c1bb7eefc\">Sur le parking de l&rsquo;Espace Ren\u00e9 Lazare \u00e0 Targon, une trentaine de producteurs bio et locaux vous attendent entre <strong>9:30 et 18:30<\/strong> pour vous pr\u00e9senter et vous faire d\u00e9guster leurs produits.<\/p>\n<\/div><\/div>\n\n\n\n<p class=\"has-black-color has-text-color has-link-color wp-elements-f18be83811d1909618914d6c5cb9c700\">L\u00e9gumes, fruits de saison, champignons, produits laitiers de brebis et de ch\u00e8vre, volaille, viande de porc et salaisons, bi\u00e8res, vins&#8230;<\/p>\n\n\n\n<p>Venez d\u00e9couvrir, ou red\u00e9couvrir celles et ceux qui nous nourrissent et qui assurent la s\u00e9curisation de notre alimentation sur notre territoire. <\/p>\n\n\n\n<p class=\"has-black-color has-text-color has-link-color wp-elements-83204d13b0ddf414335545d9ab6728f1\">Toutes les transactions effectu\u00e9es sur ce march\u00e9 se feront en monnaie locale (<a href=\"https:\/\/biotimarrons.org\/?page_id=1157\" data-type=\"page\" data-id=\"1157\">voir ici pour plus de d\u00e9tail<\/a>)<\/p>\n\n\n\n<figure class=\"wp-block-image size-full is-resized\"><img fetchpriority=\"high\" decoding=\"async\" width=\"540\" height=\"360\" src=\"https:\/\/biotimarrons.org\/wp-content\/uploads\/2020\/10\/cropped-cropped-IMG_6339-scaled-1.jpg\" alt=\"\" class=\"wp-image-627\" style=\"width:840px;height:auto\" srcset=\"https:\/\/biotimarrons.org\/wp-content\/uploads\/2020\/10\/cropped-cropped-IMG_6339-scaled-1.jpg 540w, https:\/\/biotimarrons.org\/wp-content\/uploads\/2020\/10\/cropped-cropped-IMG_6339-scaled-1-300x200.jpg 300w\" sizes=\"(max-width: 540px) 100vw, 540px\" \/><\/figure>\n","protected":false},"excerpt":{"rendered":"<p>Sur le parking de l&rsquo;Espace Ren\u00e9 Lazare \u00e0 Targon, une trentaine de producteurs bio et locaux vous attendent entre 9:30 et 18:30 pour vous pr\u00e9senter et vous faire d\u00e9guster leurs produits. L\u00e9gumes, fruits de saison, champignons, produits laitiers de brebis et de ch\u00e8vre, volaille, viande de porc et salaisons, bi\u00e8res, vins&#8230; Venez d\u00e9couvrir, ou red\u00e9couvrir&hellip; <br \/> <a class=\"read-more\" href=\"https:\/\/biotimarrons.org\/index.php\/at_marche-2\/\">Lire la suite<\/a><\/p>\n","protected":false},"author":1,"featured_media":0,"parent":0,"menu_order":0,"comment_status":"closed","ping_status":"closed","template":"","meta":{"footnotes":""},"class_list":["post-1147","page","type-page","status-publish","hentry"],"_links":{"self":[{"href":"https:\/\/biotimarrons.org\/index.php\/wp-json\/wp\/v2\/pages\/1147","targetHints":{"allow":["GET"]}}],"collection":[{"href":"https:\/\/biotimarrons.org\/index.php\/wp-json\/wp\/v2\/pages"}],"about":[{"href":"https:\/\/biotimarrons.org\/index.php\/wp-json\/wp\/v2\/types\/page"}],"author":[{"embeddable":true,"href":"https:\/\/biotimarrons.org\/index.php\/wp-json\/wp\/v2\/users\/1"}],"replies":[{"embeddable":true,"href":"https:\/\/biotimarrons.org\/index.php\/wp-json\/wp\/v2\/comments?post=1147"}],"version-history":[{"count":6,"href":"https:\/\/biotimarrons.org\/index.php\/wp-json\/wp\/v2\/pages\/1147\/revisions"}],"predecessor-version":[{"id":1205,"href":"https:\/\/biotimarrons.org\/index.php\/wp-json\/wp\/v2\/pages\/1147\/revisions\/1205"}],"wp:attachment":[{"href":"https:\/\/biotimarrons.org\/index.php\/wp-json\/wp\/v2\/media?parent=1147"}],"curies":[{"name":"wp","href":"https:\/\/api.w.org\/{rel}","templated":true}]}}