{"id":1095,"date":"2026-04-10T13:46:14","date_gmt":"2026-04-10T11:46:14","guid":{"rendered":"https:\/\/biotimarrons.org\/?page_id=1095"},"modified":"2026-04-18T20:48:12","modified_gmt":"2026-04-18T18:48:12","slug":"festivalim-a-taaable","status":"publish","type":"page","link":"https:\/\/biotimarrons.org\/index.php\/festivalim-a-taaable\/","title":{"rendered":"Festiv&rsquo;Alim \u00ab\u00a0A Taaable !\u00a0\u00bb"},"content":{"rendered":"<div class=\"wp-block-image\">\n<figure class=\"aligncenter size-full\"><img fetchpriority=\"high\" decoding=\"async\" width=\"619\" height=\"270\" src=\"https:\/\/biotimarrons.org\/wp-content\/uploads\/2026\/04\/Capture-decran-2026-04-18-151235.png\" alt=\"\" class=\"wp-image-1121\" srcset=\"https:\/\/biotimarrons.org\/wp-content\/uploads\/2026\/04\/Capture-decran-2026-04-18-151235.png 619w, https:\/\/biotimarrons.org\/wp-content\/uploads\/2026\/04\/Capture-decran-2026-04-18-151235-300x131.png 300w\" sizes=\"(max-width: 619px) 100vw, 619px\" \/><\/figure>\n<\/div>\n\n\n<h2 class=\"wp-block-heading has-text-align-center\">Dimanche 7 juin 2026 de 9:30 \u00e0 18:30<br><a href=\"https:\/\/www.google.fr\/maps\/place\/Espace+Ren%C3%A9+Lazare\/@44.7342314,-0.2644122,795m\/data=!3m2!1e3!4b1!4m6!3m5!1s0xd554054b52f125f:0x6359d9f211bf9102!8m2!3d44.7342314!4d-0.2618373!16s%2Fg%2F11cnd50nfh?entry=ttu&amp;g_ep=EgoyMDI2MDQxNS4wIKXMDSoASAFQAw%3D%3D\" target=\"_blank\" rel=\"noreferrer noopener\">Espace Ren\u00e9 Lazare \u00e0 Targon<\/a> (33760)<\/h2>\n\n\n\n<p class=\"has-black-color has-text-color has-link-color wp-elements-adc62cdf714b5c571cc6cc494c6ef423\">\u00ab A Taaable \u00bb, avec 3 \u00ab\u00a0a\u00a0\u00bb pour signifier que \u00ab<strong>A<\/strong>limentation \u00bb, \u00ab <strong>A<\/strong>griculture \u00bb et \u00ab <strong>A<\/strong>ccessibilit\u00e9 \u00bb devraient \u00eatre intimement li\u00e9es dans l\u2019acte de la vie quotidienne qui consiste \u00e0 nous nourrir. Il ne peut y avoir d\u2019<strong>Alimentation <\/strong>sans <strong>Agriculture <\/strong>et avant d\u2019\u00eatre un moyen de subsistance pour ceux qui la produisent, l\u2019<strong>Agriculture <\/strong>est avant tout un moyen d\u2019<strong>Alimentation <\/strong>de la population locale, et pour ce faire, cette Alimentation doit \u00eatre <strong>Accessible <\/strong>\u00e0 toutes et tous.<br>Rendre visible et accessible l\u2019offre alimentaire saine et locale. Aujourd\u2019hui, \u00e0 l\u2019occasion de l\u2019anniversaire des 10 ans de l\u2019association, Biotimarrons souhaite axer son action sur l\u2019accessibilit\u00e9 \u00e0 une alimentation saine et durable. L\u2019association aimerait \u00e9galement rendre plus visible l\u2019offre alimentaire biologique du territoire. Pour ce faire Biotimarrons cr\u00e9\u00e9, dans le cadre de la F\u00eate de l\u2019Agriculture et de l\u2019Alimentation port\u00e9e par le <a href=\"https:\/\/www.coeurentre2mers.com\/\" target=\"_blank\" rel=\"noreferrer noopener\">PETR duCoeur E2M<\/a>, un Festival de l\u2019Alimentation consacr\u00e9 aux probl\u00e9matiques d\u2018une alimentation saine et durable accessible \u00e0 toutes et tous sur notre territoire.<\/p>\n\n\n\n<blockquote class=\"wp-block-quote is-layout-flow wp-block-quote-is-layout-flow\">\n<p class=\"has-vivid-cyan-blue-color has-text-color has-link-color wp-elements-cb5e4dae2410fac5a628d1bf42da1dfe\">Alors que 12% des fran\u00e7ais restreignent leur alimentation, que 16% d\u00e9clarent ne pas avoir assez \u00e0 manger et sont sous le seuil de pauvret\u00e9 mon\u00e9taire, l\u2019aide alimentaire traditionnelle contraint les b\u00e9n\u00e9ficiaires \u00e0 ne consommer que des aliments de moindre qualit\u00e9 qui ne correspondent pas \u00e0 leur pr\u00e9f\u00e9rence ou leur \u00e9tat de sant\u00e9.<\/p>\n<\/blockquote>\n\n\n\n<hr class=\"wp-block-separator has-alpha-channel-opacity\"\/>\n\n\n\n<div class=\"wp-block-group\"><div class=\"wp-block-group__inner-container is-layout-constrained wp-block-group-is-layout-constrained\">\n<figure class=\"wp-block-gallery has-nested-images columns-6 is-cropped wp-block-gallery-1 is-layout-flex wp-block-gallery-is-layout-flex\">\n<figure class=\"wp-block-image size-medium\"><a href=\"https:\/\/biotimarrons.org\/index.php\/at_marche-2\/\"><img decoding=\"async\" width=\"298\" height=\"300\" data-id=\"1109\" src=\"https:\/\/biotimarrons.org\/wp-content\/uploads\/2026\/04\/AT_Marche-298x300.png\" alt=\"\" class=\"wp-image-1109\" srcset=\"https:\/\/biotimarrons.org\/wp-content\/uploads\/2026\/04\/AT_Marche-298x300.png 298w, https:\/\/biotimarrons.org\/wp-content\/uploads\/2026\/04\/AT_Marche-150x150.png 150w, https:\/\/biotimarrons.org\/wp-content\/uploads\/2026\/04\/AT_Marche.png 494w\" sizes=\"(max-width: 298px) 100vw, 298px\" \/><\/a><\/figure>\n\n\n\n<figure class=\"wp-block-image size-medium\"><a href=\"https:\/\/biotimarrons.org\/index.php\/cuisine\"><img decoding=\"async\" width=\"236\" height=\"300\" data-id=\"1106\" src=\"https:\/\/biotimarrons.org\/wp-content\/uploads\/2026\/04\/AT_cuisine-236x300.png\" alt=\"\" class=\"wp-image-1106\" srcset=\"https:\/\/biotimarrons.org\/wp-content\/uploads\/2026\/04\/AT_cuisine-236x300.png 236w, https:\/\/biotimarrons.org\/wp-content\/uploads\/2026\/04\/AT_cuisine.png 493w\" sizes=\"(max-width: 236px) 100vw, 236px\" \/><\/a><\/figure>\n\n\n\n<figure class=\"wp-block-image size-medium\"><img loading=\"lazy\" decoding=\"async\" width=\"297\" height=\"300\" data-id=\"1114\" src=\"https:\/\/biotimarrons.org\/wp-content\/uploads\/2026\/04\/AT_Conf-297x300.png\" alt=\"\" class=\"wp-image-1114\" srcset=\"https:\/\/biotimarrons.org\/wp-content\/uploads\/2026\/04\/AT_Conf-297x300.png 297w, https:\/\/biotimarrons.org\/wp-content\/uploads\/2026\/04\/AT_Conf.png 493w\" sizes=\"(max-width: 297px) 100vw, 297px\" \/><\/figure>\n\n\n\n<figure class=\"wp-block-image size-medium\"><img loading=\"lazy\" decoding=\"async\" width=\"225\" height=\"300\" data-id=\"1113\" src=\"https:\/\/biotimarrons.org\/wp-content\/uploads\/2026\/04\/AT_concert-225x300.png\" alt=\"\" class=\"wp-image-1113\" srcset=\"https:\/\/biotimarrons.org\/wp-content\/uploads\/2026\/04\/AT_concert-225x300.png 225w, https:\/\/biotimarrons.org\/wp-content\/uploads\/2026\/04\/AT_concert.png 490w\" sizes=\"(max-width: 225px) 100vw, 225px\" \/><\/figure>\n\n\n\n<figure class=\"wp-block-image size-medium\"><img loading=\"lazy\" decoding=\"async\" width=\"221\" height=\"300\" data-id=\"1112\" src=\"https:\/\/biotimarrons.org\/wp-content\/uploads\/2026\/04\/AT_Cine-221x300.png\" alt=\"\" class=\"wp-image-1112\" srcset=\"https:\/\/biotimarrons.org\/wp-content\/uploads\/2026\/04\/AT_Cine-221x300.png 221w, https:\/\/biotimarrons.org\/wp-content\/uploads\/2026\/04\/AT_Cine.png 492w\" sizes=\"(max-width: 221px) 100vw, 221px\" \/><\/figure>\n\n\n\n<figure class=\"wp-block-image size-full\"><img loading=\"lazy\" decoding=\"async\" width=\"492\" height=\"669\" data-id=\"1118\" src=\"https:\/\/biotimarrons.org\/wp-content\/uploads\/2026\/04\/AT_Biotim.png\" alt=\"\" class=\"wp-image-1118\" srcset=\"https:\/\/biotimarrons.org\/wp-content\/uploads\/2026\/04\/AT_Biotim.png 492w, https:\/\/biotimarrons.org\/wp-content\/uploads\/2026\/04\/AT_Biotim-221x300.png 221w\" sizes=\"(max-width: 492px) 100vw, 492px\" \/><\/figure>\n\n\n\n<figure class=\"wp-block-image size-medium\"><img loading=\"lazy\" decoding=\"async\" width=\"241\" height=\"300\" data-id=\"1111\" src=\"https:\/\/biotimarrons.org\/wp-content\/uploads\/2026\/04\/AT_table-ronde-241x300.png\" alt=\"\" class=\"wp-image-1111\" srcset=\"https:\/\/biotimarrons.org\/wp-content\/uploads\/2026\/04\/AT_table-ronde-241x300.png 241w, https:\/\/biotimarrons.org\/wp-content\/uploads\/2026\/04\/AT_table-ronde.png 492w\" sizes=\"(max-width: 241px) 100vw, 241px\" \/><\/figure>\n\n\n\n<figure class=\"wp-block-image size-medium\"><img loading=\"lazy\" decoding=\"async\" width=\"231\" height=\"300\" data-id=\"1108\" src=\"https:\/\/biotimarrons.org\/wp-content\/uploads\/2026\/04\/AT_Epi-231x300.png\" alt=\"\" class=\"wp-image-1108\" srcset=\"https:\/\/biotimarrons.org\/wp-content\/uploads\/2026\/04\/AT_Epi-231x300.png 231w, https:\/\/biotimarrons.org\/wp-content\/uploads\/2026\/04\/AT_Epi.png 489w\" sizes=\"(max-width: 231px) 100vw, 231px\" \/><\/figure>\n\n\n\n<figure class=\"wp-block-image size-medium\"><img loading=\"lazy\" decoding=\"async\" width=\"239\" height=\"300\" data-id=\"1107\" src=\"https:\/\/biotimarrons.org\/wp-content\/uploads\/2026\/04\/AT_ENA-239x300.png\" alt=\"\" class=\"wp-image-1107\" srcset=\"https:\/\/biotimarrons.org\/wp-content\/uploads\/2026\/04\/AT_ENA-239x300.png 239w, https:\/\/biotimarrons.org\/wp-content\/uploads\/2026\/04\/AT_ENA.png 490w\" sizes=\"(max-width: 239px) 100vw, 239px\" \/><\/figure>\n\n\n\n<figure class=\"wp-block-image size-full is-style-default\"><a href=\"https:\/\/biotimarrons.org\/index.php\/qui-sommes-nous\/\"><img loading=\"lazy\" decoding=\"async\" width=\"492\" height=\"669\" data-id=\"1118\" src=\"https:\/\/biotimarrons.org\/wp-content\/uploads\/2026\/04\/AT_Biotim.png\" alt=\"\" class=\"wp-image-1118\" srcset=\"https:\/\/biotimarrons.org\/wp-content\/uploads\/2026\/04\/AT_Biotim.png 492w, https:\/\/biotimarrons.org\/wp-content\/uploads\/2026\/04\/AT_Biotim-221x300.png 221w\" sizes=\"(max-width: 492px) 100vw, 492px\" \/><\/a><\/figure>\n<\/figure>\n<\/div><\/div>\n\n\n<div class=\"wp-block-image\">\n<figure class=\"aligncenter size-large\"><a href=\"https:\/\/biotimarrons.org\/index.php\/accessible\"><img loading=\"lazy\" decoding=\"async\" width=\"1024\" height=\"233\" src=\"https:\/\/biotimarrons.org\/wp-content\/uploads\/2026\/04\/AT_solidaires-1024x233.png\" alt=\"\" class=\"wp-image-1110\" srcset=\"https:\/\/biotimarrons.org\/wp-content\/uploads\/2026\/04\/AT_solidaires-1024x233.png 1024w, https:\/\/biotimarrons.org\/wp-content\/uploads\/2026\/04\/AT_solidaires-300x68.png 300w, https:\/\/biotimarrons.org\/wp-content\/uploads\/2026\/04\/AT_solidaires-768x175.png 768w, https:\/\/biotimarrons.org\/wp-content\/uploads\/2026\/04\/AT_solidaires.png 1530w\" sizes=\"(max-width: 1024px) 100vw, 1024px\" \/><\/a><\/figure>\n<\/div>\n\n\n<p><\/p>\n","protected":false},"excerpt":{"rendered":"<p>Dimanche 7 juin 2026 de 9:30 \u00e0 18:30Espace Ren\u00e9 Lazare \u00e0 Targon (33760) \u00ab A Taaable \u00bb, avec 3 \u00ab\u00a0a\u00a0\u00bb pour signifier que \u00abAlimentation \u00bb, \u00ab Agriculture \u00bb et \u00ab Accessibilit\u00e9 \u00bb devraient \u00eatre intimement li\u00e9es dans l\u2019acte de la vie quotidienne qui consiste \u00e0 nous nourrir. Il ne peut y avoir d\u2019Alimentation sans Agriculture&hellip; <br \/> <a class=\"read-more\" href=\"https:\/\/biotimarrons.org\/index.php\/festivalim-a-taaable\/\">Lire la suite<\/a><\/p>\n","protected":false},"author":1,"featured_media":0,"parent":0,"menu_order":0,"comment_status":"closed","ping_status":"closed","template":"","meta":{"footnotes":""},"class_list":["post-1095","page","type-page","status-publish","hentry"],"_links":{"self":[{"href":"https:\/\/biotimarrons.org\/index.php\/wp-json\/wp\/v2\/pages\/1095","targetHints":{"allow":["GET"]}}],"collection":[{"href":"https:\/\/biotimarrons.org\/index.php\/wp-json\/wp\/v2\/pages"}],"about":[{"href":"https:\/\/biotimarrons.org\/index.php\/wp-json\/wp\/v2\/types\/page"}],"author":[{"embeddable":true,"href":"https:\/\/biotimarrons.org\/index.php\/wp-json\/wp\/v2\/users\/1"}],"replies":[{"embeddable":true,"href":"https:\/\/biotimarrons.org\/index.php\/wp-json\/wp\/v2\/comments?post=1095"}],"version-history":[{"count":43,"href":"https:\/\/biotimarrons.org\/index.php\/wp-json\/wp\/v2\/pages\/1095\/revisions"}],"predecessor-version":[{"id":1217,"href":"https:\/\/biotimarrons.org\/index.php\/wp-json\/wp\/v2\/pages\/1095\/revisions\/1217"}],"wp:attachment":[{"href":"https:\/\/biotimarrons.org\/index.php\/wp-json\/wp\/v2\/media?parent=1095"}],"curies":[{"name":"wp","href":"https:\/\/api.w.org\/{rel}","templated":true}]}}